{"id":573,"date":"2026-01-02T16:49:23","date_gmt":"2026-01-02T15:49:23","guid":{"rendered":"http:\/\/54.73.4.114\/?page_id=573"},"modified":"2026-03-02T09:09:54","modified_gmt":"2026-03-02T08:09:54","slug":"3pointplaybook","status":"publish","type":"page","link":"https:\/\/mystockscanner.com\/da\/3pointplaybook\/","title":{"rendered":"3PointPlaybook"},"content":{"rendered":"\t\t<div data-elementor-type=\"wp-page\" data-elementor-id=\"573\" class=\"elementor elementor-573 elementor-301\" data-elementor-post-type=\"page\">\n\t\t\t\t<div class=\"elementor-element elementor-element-0d7fd3c e-flex e-con-boxed e-con e-parent\" data-id=\"0d7fd3c\" data-element_type=\"container\" data-e-type=\"container\" data-settings=\"{&quot;jet_parallax_layout_list&quot;:[]}\">\n\t\t\t\t\t<div class=\"e-con-inner\">\n\t\t<div class=\"elementor-element elementor-element-fb57ea4 e-con-full e-flex e-con e-child\" data-id=\"fb57ea4\" data-element_type=\"container\" data-e-type=\"container\" data-settings=\"{&quot;jet_parallax_layout_list&quot;:[]}\">\n\t\t\t\t<div class=\"elementor-element elementor-element-3d4e179 elementor-widget elementor-widget-heading\" data-id=\"3d4e179\" data-element_type=\"widget\" data-e-type=\"widget\" data-widget_type=\"heading.default\">\n\t\t\t\t\t<h1 class=\"elementor-heading-title elementor-size-default\">Hjemstedet for <br>3-PointPlaybook<\/h1>\t\t\t\t<\/div>\n\t\t\t\t<div class=\"elementor-element elementor-element-9d3632b elementor-widget elementor-widget-text-editor\" data-id=\"9d3632b\" data-element_type=\"widget\" data-e-type=\"widget\" data-widget_type=\"text-editor.default\">\n\t\t\t\t\t\t\t\t\t<p>Succesfuld investering handler om metode og disciplin.<br data-start=\"561\" data-end=\"564\" \/>3-PointPlaybook giver dig en fast ramme for dine beslutninger.<br data-start=\"626\" data-end=\"629\" \/>N\u00e5r markedet st\u00f8jer, holder du kursen.<\/p>\t\t\t\t\t\t\t\t<\/div>\n\t\t\t\t<div class=\"elementor-element elementor-element-c266506 elementor-widget elementor-widget-button\" data-id=\"c266506\" data-element_type=\"widget\" data-e-type=\"widget\" data-widget_type=\"button.default\">\n\t\t\t\t\t\t\t\t\t\t<a class=\"elementor-button elementor-button-link elementor-size-sm\" href=\"https:\/\/app.mystockscanner.com\/\" target=\"_blank\">\n\t\t\t\t\t\t<span class=\"elementor-button-content-wrapper\">\n\t\t\t\t\t\t\t\t\t<span class=\"elementor-button-text\">Start gratis pr\u00f8veperiode<\/span>\n\t\t\t\t\t<\/span>\n\t\t\t\t\t<\/a>\n\t\t\t\t\t\t\t\t<\/div>\n\t\t\t\t<\/div>\n\t\t<div class=\"elementor-element elementor-element-82d482a e-con-full e-flex e-con e-child\" data-id=\"82d482a\" data-element_type=\"container\" data-e-type=\"container\" data-settings=\"{&quot;jet_parallax_layout_list&quot;:[]}\">\n\t\t\t\t<div class=\"elementor-element elementor-element-bb1c94b elementor-widget elementor-widget-image\" data-id=\"bb1c94b\" data-element_type=\"widget\" data-e-type=\"widget\" data-widget_type=\"image.default\">\n\t\t\t\t\t\t\t\t\t\t\t\t\t\t\t<img fetchpriority=\"high\" decoding=\"async\" width=\"800\" height=\"638\" src=\"https:\/\/mystockscanner.com\/wp-content\/uploads\/2026\/01\/67778d3f7c08cfba7c6e9986_3-PointPlaybook-DK-3-p-800.png\" class=\"attachment-large size-large wp-image-569\" alt=\"\" srcset=\"https:\/\/mystockscanner.com\/wp-content\/uploads\/2026\/01\/67778d3f7c08cfba7c6e9986_3-PointPlaybook-DK-3-p-800.png 800w, https:\/\/mystockscanner.com\/wp-content\/uploads\/2026\/01\/67778d3f7c08cfba7c6e9986_3-PointPlaybook-DK-3-p-800-300x239.png 300w, https:\/\/mystockscanner.com\/wp-content\/uploads\/2026\/01\/67778d3f7c08cfba7c6e9986_3-PointPlaybook-DK-3-p-800-768x612.png 768w\" sizes=\"(max-width: 800px) 100vw, 800px\" \/>\t\t\t\t\t\t\t\t\t\t\t\t\t\t\t<\/div>\n\t\t\t\t<\/div>\n\t\t\t\t\t<\/div>\n\t\t\t\t<\/div>\n\t\t<div class=\"elementor-element elementor-element-2108098 e-flex e-con-boxed e-con e-parent\" data-id=\"2108098\" data-element_type=\"container\" data-e-type=\"container\" data-settings=\"{&quot;jet_parallax_layout_list&quot;:[]}\">\n\t\t\t\t\t<div class=\"e-con-inner\">\n\t\t<div class=\"elementor-element elementor-element-fa2d194 e-con-full e-flex e-con e-child\" data-id=\"fa2d194\" data-element_type=\"container\" data-e-type=\"container\" data-settings=\"{&quot;jet_parallax_layout_list&quot;:[]}\">\n\t\t<div class=\"elementor-element elementor-element-68cd849 e-con-full e-flex e-con e-child\" data-id=\"68cd849\" data-element_type=\"container\" data-e-type=\"container\" data-settings=\"{&quot;jet_parallax_layout_list&quot;:[]}\">\n\t\t\t\t<div class=\"elementor-element elementor-element-8c6faca elementor-widget__width-initial elementor-widget-mobile__width-inherit elementor-widget elementor-widget-heading\" data-id=\"8c6faca\" data-element_type=\"widget\" data-e-type=\"widget\" data-widget_type=\"heading.default\">\n\t\t\t\t\t<h2 class=\"elementor-heading-title elementor-size-default\">3-PointPlaybook: Tre sp\u00f8rgsm\u00e5l til bedre beslutninger.<\/h2>\t\t\t\t<\/div>\n\t\t\t\t<\/div>\n\t\t<div class=\"elementor-element elementor-element-452c394 e-con-full e-flex e-con e-child\" data-id=\"452c394\" data-element_type=\"container\" data-e-type=\"container\" data-settings=\"{&quot;jet_parallax_layout_list&quot;:[]}\">\n\t\t<div class=\"elementor-element elementor-element-f70e7df e-con-full boxskygge e-flex e-con e-child\" data-id=\"f70e7df\" data-element_type=\"container\" data-e-type=\"container\" data-settings=\"{&quot;background_background&quot;:&quot;classic&quot;,&quot;jet_parallax_layout_list&quot;:[]}\">\n\t\t\t\t<div class=\"elementor-element elementor-element-965e850 elementor-widget elementor-widget-image\" data-id=\"965e850\" data-element_type=\"widget\" data-e-type=\"widget\" data-widget_type=\"image.default\">\n\t\t\t\t\t\t\t\t\t\t\t\t\t\t\t<img decoding=\"async\" width=\"800\" height=\"600\" src=\"https:\/\/mystockscanner.com\/wp-content\/uploads\/2026\/01\/67e1ceaa16e370195ee013cb_Untitled-800-x-600-px.png\" class=\"attachment-large size-large wp-image-570\" alt=\"\" srcset=\"https:\/\/mystockscanner.com\/wp-content\/uploads\/2026\/01\/67e1ceaa16e370195ee013cb_Untitled-800-x-600-px.png 800w, https:\/\/mystockscanner.com\/wp-content\/uploads\/2026\/01\/67e1ceaa16e370195ee013cb_Untitled-800-x-600-px-300x225.png 300w, https:\/\/mystockscanner.com\/wp-content\/uploads\/2026\/01\/67e1ceaa16e370195ee013cb_Untitled-800-x-600-px-768x576.png 768w\" sizes=\"(max-width: 800px) 100vw, 800px\" \/>\t\t\t\t\t\t\t\t\t\t\t\t\t\t\t<\/div>\n\t\t\t\t<div class=\"elementor-element elementor-element-9a76876 elementor-widget elementor-widget-heading\" data-id=\"9a76876\" data-element_type=\"widget\" data-e-type=\"widget\" data-widget_type=\"heading.default\">\n\t\t\t\t\t<p class=\"elementor-heading-title elementor-size-default\">SP\u00d8RGSM\u00c5L 1<\/p>\t\t\t\t<\/div>\n\t\t\t\t<div class=\"elementor-element elementor-element-909ebd4 elementor-widget elementor-widget-heading\" data-id=\"909ebd4\" data-element_type=\"widget\" data-e-type=\"widget\" data-widget_type=\"heading.default\">\n\t\t\t\t\t<h3 class=\"elementor-heading-title elementor-size-default\"> Er det en kvalitetsvirksomhed?<\/h3>\t\t\t\t<\/div>\n\t\t\t\t<div class=\"elementor-element elementor-element-bcec24b elementor-widget elementor-widget-text-editor\" data-id=\"bcec24b\" data-element_type=\"widget\" data-e-type=\"widget\" data-widget_type=\"text-editor.default\">\n\t\t\t\t\t\t\t\t\t<p><span style=\"font-weight: 400;\">Med 3-PointPlaybook f\u00e5r du et klart og nemt overblik over <\/span><b>kvaliteten<\/b><span style=\"font-weight: 400;\"> af virksomheden, den vigtigste faktor for dine investeringer.<\/span><\/p><p><span style=\"font-weight: 400;\">Systemet viser det i tal, farver og klare indikatorer, s\u00e5 du med det samme kan se, hvad du har med at g\u00f8re.<\/span><\/p><p><span style=\"font-weight: 400;\">Du l\u00e6rer hurtigt at navigere i de vigtigste n\u00f8gletal og f\u00e5r en hurtig og enkel vurdering af virksomhedens kvalitet uden at spilde tid.<\/span><\/p>\t\t\t\t\t\t\t\t<\/div>\n\t\t\t\t<\/div>\n\t\t<div class=\"elementor-element elementor-element-ea82d13 e-con-full boxskygge e-flex e-con e-child\" data-id=\"ea82d13\" data-element_type=\"container\" data-e-type=\"container\" data-settings=\"{&quot;background_background&quot;:&quot;classic&quot;,&quot;jet_parallax_layout_list&quot;:[]}\">\n\t\t\t\t<div class=\"elementor-element elementor-element-ad0972e elementor-widget elementor-widget-image\" data-id=\"ad0972e\" data-element_type=\"widget\" data-e-type=\"widget\" data-widget_type=\"image.default\">\n\t\t\t\t\t\t\t\t\t\t\t\t\t\t\t<img decoding=\"async\" width=\"800\" height=\"600\" src=\"https:\/\/mystockscanner.com\/wp-content\/uploads\/2026\/01\/67e1cf140d3601340209cb2c_Untitled-800-x-600-px-1.png\" class=\"attachment-large size-large wp-image-571\" alt=\"\" srcset=\"https:\/\/mystockscanner.com\/wp-content\/uploads\/2026\/01\/67e1cf140d3601340209cb2c_Untitled-800-x-600-px-1.png 800w, https:\/\/mystockscanner.com\/wp-content\/uploads\/2026\/01\/67e1cf140d3601340209cb2c_Untitled-800-x-600-px-1-300x225.png 300w, https:\/\/mystockscanner.com\/wp-content\/uploads\/2026\/01\/67e1cf140d3601340209cb2c_Untitled-800-x-600-px-1-768x576.png 768w\" sizes=\"(max-width: 800px) 100vw, 800px\" \/>\t\t\t\t\t\t\t\t\t\t\t\t\t\t\t<\/div>\n\t\t\t\t<div class=\"elementor-element elementor-element-f67db56 elementor-widget elementor-widget-heading\" data-id=\"f67db56\" data-element_type=\"widget\" data-e-type=\"widget\" data-widget_type=\"heading.default\">\n\t\t\t\t\t<p class=\"elementor-heading-title elementor-size-default\">SP\u00d8RGSM\u00c5L 2<\/p>\t\t\t\t<\/div>\n\t\t\t\t<div class=\"elementor-element elementor-element-e048665 elementor-widget elementor-widget-heading\" data-id=\"e048665\" data-element_type=\"widget\" data-e-type=\"widget\" data-widget_type=\"heading.default\">\n\t\t\t\t\t<h3 class=\"elementor-heading-title elementor-size-default\">Er der potentiale?<\/h3>\t\t\t\t<\/div>\n\t\t\t\t<div class=\"elementor-element elementor-element-156b149 elementor-widget elementor-widget-text-editor\" data-id=\"156b149\" data-element_type=\"widget\" data-e-type=\"widget\" data-widget_type=\"text-editor.default\">\n\t\t\t\t\t\t\t\t\t<p><span style=\"font-weight: 400;\">3-PointPlaybook giver dig et hurtigt og nemt overblik over <\/span><b>potentialet<\/b><span style=\"font-weight: 400;\"> i en aktie og om den er billig eller dyrt prissat.<\/span><\/p><p><span style=\"font-weight: 400;\">Systemet viser potentialet tydeligt og hj\u00e6lper dig med at undg\u00e5 overk\u00f8bte eller d\u00e5rligt prissatte aktier.<\/span><\/p><p><span style=\"font-weight: 400;\">Du l\u00e6rer at vurdere aktier som en professionel, underst\u00f8ttet af platformens klare indikatorer, s\u00e5 du hurtigt kan afg\u00f8re, om en virksomhed er en skjult perle eller blot en overvurderet meme-aktie.<\/span><\/p>\t\t\t\t\t\t\t\t<\/div>\n\t\t\t\t<\/div>\n\t\t<div class=\"elementor-element elementor-element-32ef44d e-con-full boxskygge e-flex e-con e-child\" data-id=\"32ef44d\" data-element_type=\"container\" data-e-type=\"container\" data-settings=\"{&quot;background_background&quot;:&quot;classic&quot;,&quot;jet_parallax_layout_list&quot;:[]}\">\n\t\t\t\t<div class=\"elementor-element elementor-element-8694a1f elementor-widget elementor-widget-image\" data-id=\"8694a1f\" data-element_type=\"widget\" data-e-type=\"widget\" data-widget_type=\"image.default\">\n\t\t\t\t\t\t\t\t\t\t\t\t\t\t\t<img loading=\"lazy\" decoding=\"async\" width=\"800\" height=\"600\" src=\"https:\/\/mystockscanner.com\/wp-content\/uploads\/2026\/01\/67e1cf6716b8c3534d8b5348_Untitled-800-x-600-px-2.png\" class=\"attachment-large size-large wp-image-572\" alt=\"\" srcset=\"https:\/\/mystockscanner.com\/wp-content\/uploads\/2026\/01\/67e1cf6716b8c3534d8b5348_Untitled-800-x-600-px-2.png 800w, https:\/\/mystockscanner.com\/wp-content\/uploads\/2026\/01\/67e1cf6716b8c3534d8b5348_Untitled-800-x-600-px-2-300x225.png 300w, https:\/\/mystockscanner.com\/wp-content\/uploads\/2026\/01\/67e1cf6716b8c3534d8b5348_Untitled-800-x-600-px-2-768x576.png 768w\" sizes=\"(max-width: 800px) 100vw, 800px\" \/>\t\t\t\t\t\t\t\t\t\t\t\t\t\t\t<\/div>\n\t\t\t\t<div class=\"elementor-element elementor-element-1b11bb9 elementor-widget elementor-widget-heading\" data-id=\"1b11bb9\" data-element_type=\"widget\" data-e-type=\"widget\" data-widget_type=\"heading.default\">\n\t\t\t\t\t<p class=\"elementor-heading-title elementor-size-default\">SP\u00d8RGSM\u00c5L 3<\/p>\t\t\t\t<\/div>\n\t\t\t\t<div class=\"elementor-element elementor-element-1e9c435 elementor-widget elementor-widget-heading\" data-id=\"1e9c435\" data-element_type=\"widget\" data-e-type=\"widget\" data-widget_type=\"heading.default\">\n\t\t\t\t\t<h3 class=\"elementor-heading-title elementor-size-default\">Er timingen rigtig?<\/h3>\t\t\t\t<\/div>\n\t\t\t\t<div class=\"elementor-element elementor-element-917ecc1 elementor-widget elementor-widget-text-editor\" data-id=\"917ecc1\" data-element_type=\"widget\" data-e-type=\"widget\" data-widget_type=\"text-editor.default\">\n\t\t\t\t\t\t\t\t\t<p><span style=\"font-weight: 400;\">Det sidste punkt hj\u00e6lper dig med at vurdere <\/span><b>timingen<\/b><span style=\"font-weight: 400;\"> og vente p\u00e5 det rigtige tidspunkt at investere.<\/span><\/p><p><span style=\"font-weight: 400;\">Med vores Turning Point Indicator (TPI) f\u00e5r du et nemt overblik over sandsynligheden for, at en aktie stiger eller falder.<\/span><\/p><p><span style=\"font-weight: 400;\">TPI viser ogs\u00e5, hvilke aktier du b\u00f8r holde dig v\u00e6k fra, s\u00e5 du kan handle med bedre timing og st\u00f8rre tryghed.<\/span><\/p>\t\t\t\t\t\t\t\t<\/div>\n\t\t\t\t<\/div>\n\t\t\t\t<\/div>\n\t\t\t\t<\/div>\n\t\t\t\t\t<\/div>\n\t\t\t\t<\/div>\n\t\t<div class=\"elementor-element elementor-element-b5b45d5 e-flex e-con-boxed e-con e-parent\" data-id=\"b5b45d5\" data-element_type=\"container\" data-e-type=\"container\" data-settings=\"{&quot;background_background&quot;:&quot;classic&quot;,&quot;jet_parallax_layout_list&quot;:[]}\">\n\t\t\t\t\t<div class=\"e-con-inner\">\n\t\t\t\t<div class=\"elementor-element elementor-element-86ba4fe elementor-widget elementor-widget-heading\" data-id=\"86ba4fe\" data-element_type=\"widget\" data-e-type=\"widget\" data-widget_type=\"heading.default\">\n\t\t\t\t\t<h2 class=\"elementor-heading-title elementor-size-default\">En gennempr\u00f8vet ramme til at identificere vindende aktier<\/h2>\t\t\t\t<\/div>\n\t\t\t\t<div class=\"elementor-element elementor-element-7e84709 elementor-widget__width-initial elementor-widget-tablet__width-inherit elementor-widget elementor-widget-text-editor\" data-id=\"7e84709\" data-element_type=\"widget\" data-e-type=\"widget\" data-widget_type=\"text-editor.default\">\n\t\t\t\t\t\t\t\t\t<p>N\u00e5r du trygt kan s\u00e6tte flueben ved alle tre sp\u00f8rgsm\u00e5l \u2013 kvalitet, potentiale og timing \u2013 har du et solidt beslutningsgrundlag.<\/p><p>Vi har brugt vores samlede erfaring til at udvikle et enkelt system, der g\u00f8r det muligt at v\u00e6lge aktier baseret p\u00e5 fakta \u2013 med potentiale til at blive vindende aktier. Det har vi gjort for at fjerne de fleste psykologiske faktorer fra investorers beslutningsproces. Det er nemlig ofte dem, der f\u00f8rer til d\u00e5rlige investeringsbeslutninger. Og der er mange af dem! FOMO (Fear Of Missing Out), mavefornemmelser, nyhedsstr\u00f8mme, aktiehype, anbefalinger fra tvivlsomme kilder osv.<\/p><p>3-PointPlaybook er et gennempr\u00f8vet system, der \u00f8ger dine chancer for succes og nemt kan f\u00f8lges \u2013 hver eneste gang en aktie skal vurderes.<\/p>\t\t\t\t\t\t\t\t<\/div>\n\t\t\t\t<div class=\"elementor-element elementor-element-2cc698e elementor-align-center elementor-widget elementor-widget-button\" data-id=\"2cc698e\" data-element_type=\"widget\" data-e-type=\"widget\" data-widget_type=\"button.default\">\n\t\t\t\t\t\t\t\t\t\t<a class=\"elementor-button elementor-button-link elementor-size-sm\" href=\"https:\/\/app.mystockscanner.com\/\" target=\"_blank\">\n\t\t\t\t\t\t<span class=\"elementor-button-content-wrapper\">\n\t\t\t\t\t\t\t\t\t<span class=\"elementor-button-text\">Start gratis pr\u00f8veperiode<\/span>\n\t\t\t\t\t<\/span>\n\t\t\t\t\t<\/a>\n\t\t\t\t\t\t\t\t<\/div>\n\t\t\t\t\t<\/div>\n\t\t\t\t<\/div>\n\t\t<div class=\"elementor-element elementor-element-b8a0332 e-flex e-con-boxed e-con e-parent\" data-id=\"b8a0332\" data-element_type=\"container\" data-e-type=\"container\" data-settings=\"{&quot;jet_parallax_layout_list&quot;:[]}\">\n\t\t\t\t\t<div class=\"e-con-inner\">\n\t\t<div class=\"elementor-element elementor-element-3b71f8b e-con-full e-flex e-con e-child\" data-id=\"3b71f8b\" data-element_type=\"container\" data-e-type=\"container\" data-settings=\"{&quot;jet_parallax_layout_list&quot;:[]}\">\n\t\t\t\t<div class=\"elementor-element elementor-element-7e88c01 elementor-widget elementor-widget-heading\" data-id=\"7e88c01\" data-element_type=\"widget\" data-e-type=\"widget\" data-widget_type=\"heading.default\">\n\t\t\t\t\t<h2 class=\"elementor-heading-title elementor-size-default\">Tag ikke kun vores ord for det<\/h2>\t\t\t\t<\/div>\n\t\t\t\t<div class=\"elementor-element elementor-element-4ca655e elementor-widget elementor-widget-text-editor\" data-id=\"4ca655e\" data-element_type=\"widget\" data-e-type=\"widget\" data-widget_type=\"text-editor.default\">\n\t\t\t\t\t\t\t\t\t<p>3-PointPlaybook er mere end teori \u2013 det er et gennemtestet system med dokumenterede resultater. Vi deler vores modelportef\u00f8lje \u00e5bent, s\u00e5 du kan f\u00f8lge udviklingen og se, hvordan den klarer sig mod markedet.<\/p>\t\t\t\t\t\t\t\t<\/div>\n\t\t\t\t<\/div>\n\t\t<div class=\"elementor-element elementor-element-69f1993 e-con-full e-flex e-con e-child\" data-id=\"69f1993\" data-element_type=\"container\" data-e-type=\"container\" data-settings=\"{&quot;jet_parallax_layout_list&quot;:[]}\">\n\t\t<div class=\"elementor-element elementor-element-583a076 e-con-full e-flex e-con e-child\" data-id=\"583a076\" data-element_type=\"container\" data-e-type=\"container\" data-settings=\"{&quot;jet_parallax_layout_list&quot;:[]}\">\n\t\t<div class=\"elementor-element elementor-element-86afd32 e-con-full boxskygge e-flex e-con e-child\" data-id=\"86afd32\" data-element_type=\"container\" data-e-type=\"container\" data-settings=\"{&quot;background_background&quot;:&quot;classic&quot;,&quot;jet_parallax_layout_list&quot;:[]}\">\n\t\t\t\t<div class=\"elementor-element elementor-element-1ef601d elementor-widget elementor-widget-counter\" data-id=\"1ef601d\" data-element_type=\"widget\" data-e-type=\"widget\" data-widget_type=\"counter.default\">\n\t\t\t\t\t\t\t<div class=\"elementor-counter\">\n\t\t\t<div class=\"elementor-counter-title\">3-Point Playbook-model (\u00c5TD)<\/div>\t\t\t<div class=\"elementor-counter-number-wrapper\">\n\t\t\t\t<span class=\"elementor-counter-number-prefix\">+<\/span>\n\t\t\t\t<span class=\"elementor-counter-number\" data-duration=\"2000\" data-to-value=\"31\" data-from-value=\"0\">0<\/span>\n\t\t\t\t<span class=\"elementor-counter-number-suffix\">%<\/span>\n\t\t\t<\/div>\n\t\t<\/div>\n\t\t\t\t\t\t<\/div>\n\t\t\t\t<\/div>\n\t\t<div class=\"elementor-element elementor-element-b279da4 e-con-full boxskygge e-flex e-con e-child\" data-id=\"b279da4\" data-element_type=\"container\" data-e-type=\"container\" data-settings=\"{&quot;background_background&quot;:&quot;classic&quot;,&quot;jet_parallax_layout_list&quot;:[]}\">\n\t\t\t\t<div class=\"elementor-element elementor-element-29eebbd elementor-widget elementor-widget-counter\" data-id=\"29eebbd\" data-element_type=\"widget\" data-e-type=\"widget\" data-widget_type=\"counter.default\">\n\t\t\t\t\t\t\t<div class=\"elementor-counter\">\n\t\t\t<div class=\"elementor-counter-title\">Gns. 2-\u00e5rigt afkast (8 algo-portef\u00f8ljer)<\/div>\t\t\t<div class=\"elementor-counter-number-wrapper\">\n\t\t\t\t<span class=\"elementor-counter-number-prefix\">+<\/span>\n\t\t\t\t<span class=\"elementor-counter-number\" data-duration=\"2000\" data-to-value=\"16\" data-from-value=\"0\">0<\/span>\n\t\t\t\t<span class=\"elementor-counter-number-suffix\">%<\/span>\n\t\t\t<\/div>\n\t\t<\/div>\n\t\t\t\t\t\t<\/div>\n\t\t\t\t<\/div>\n\t\t\t\t<\/div>\n\t\t\t\t<div class=\"elementor-element elementor-element-60dec65 elementor-align-center elementor-icon-list--layout-traditional elementor-list-item-link-full_width elementor-widget elementor-widget-icon-list\" data-id=\"60dec65\" data-element_type=\"widget\" data-e-type=\"widget\" data-widget_type=\"icon-list.default\">\n\t\t\t\t\t\t\t<ul class=\"elementor-icon-list-items\">\n\t\t\t\t\t\t\t<li class=\"elementor-icon-list-item\">\n\t\t\t\t\t\t\t\t\t\t\t<span class=\"elementor-icon-list-icon\">\n\t\t\t\t\t\t\t<svg xmlns=\"http:\/\/www.w3.org\/2000\/svg\" width=\"42\" height=\"42\" viewBox=\"0 0 42 42\"><g id=\"Group_1\" data-name=\"Group 1\" transform=\"translate(-309 -250)\"><circle id=\"Ellipse_2\" data-name=\"Ellipse 2\" cx=\"21\" cy=\"21\" r=\"21\" transform=\"translate(309 250)\" fill=\"rgba(115,198,105,0.46)\"><\/circle><circle id=\"Ellipse_1\" data-name=\"Ellipse 1\" cx=\"15\" cy=\"15\" r=\"15\" transform=\"translate(315 256)\" fill=\"#59b24e\"><\/circle><\/g><\/svg>\t\t\t\t\t\t<\/span>\n\t\t\t\t\t\t\t\t\t\t<span class=\"elementor-icon-list-text\">Live Performance<\/span>\n\t\t\t\t\t\t\t\t\t<\/li>\n\t\t\t\t\t\t<\/ul>\n\t\t\t\t\t\t<\/div>\n\t\t\t\t<\/div>\n\t\t\t\t\t<\/div>\n\t\t\t\t<\/div>\n\t\t\t\t<\/div>\n\t\t","protected":false},"excerpt":{"rendered":"<p>Hjemstedet for 3-PointPlaybook Succesfuld investering handler om metode og disciplin.3-PointPlaybook giver dig en fast ramme for dine beslutninger.N\u00e5r markedet st\u00f8jer, holder du kursen. Start gratis pr\u00f8veperiode 3-PointPlaybook: Tre sp\u00f8rgsm\u00e5l til bedre beslutninger. SP\u00d8RGSM\u00c5L 1 Er det en kvalitetsvirksomhed? Med 3-PointPlaybook f\u00e5r du et klart og nemt overblik over kvaliteten af virksomheden, den vigtigste faktor for [&hellip;]<\/p>\n","protected":false},"author":1,"featured_media":0,"parent":0,"menu_order":0,"comment_status":"closed","ping_status":"closed","template":"","meta":{"footnotes":""},"class_list":["post-573","page","type-page","status-publish","hentry"],"featured_image_src":null,"_links":{"self":[{"href":"https:\/\/mystockscanner.com\/da\/wp-json\/wp\/v2\/pages\/573","targetHints":{"allow":["GET"]}}],"collection":[{"href":"https:\/\/mystockscanner.com\/da\/wp-json\/wp\/v2\/pages"}],"about":[{"href":"https:\/\/mystockscanner.com\/da\/wp-json\/wp\/v2\/types\/page"}],"author":[{"embeddable":true,"href":"https:\/\/mystockscanner.com\/da\/wp-json\/wp\/v2\/users\/1"}],"replies":[{"embeddable":true,"href":"https:\/\/mystockscanner.com\/da\/wp-json\/wp\/v2\/comments?post=573"}],"version-history":[{"count":7,"href":"https:\/\/mystockscanner.com\/da\/wp-json\/wp\/v2\/pages\/573\/revisions"}],"predecessor-version":[{"id":912,"href":"https:\/\/mystockscanner.com\/da\/wp-json\/wp\/v2\/pages\/573\/revisions\/912"}],"wp:attachment":[{"href":"https:\/\/mystockscanner.com\/da\/wp-json\/wp\/v2\/media?parent=573"}],"curies":[{"name":"wp","href":"https:\/\/api.w.org\/{rel}","templated":true}]}}