{"id":564,"date":"2025-12-29T15:09:15","date_gmt":"2025-12-29T14:09:15","guid":{"rendered":"http:\/\/54.73.4.114\/?page_id=564"},"modified":"2026-03-02T09:18:38","modified_gmt":"2026-03-02T08:18:38","slug":"om-os","status":"publish","type":"page","link":"https:\/\/mystockscanner.com\/da\/om-os\/","title":{"rendered":"Om os"},"content":{"rendered":"\t\t<div data-elementor-type=\"wp-page\" data-elementor-id=\"564\" class=\"elementor elementor-564 elementor-287\" data-elementor-post-type=\"page\">\n\t\t\t\t<div class=\"elementor-element elementor-element-918ed0c e-flex e-con-boxed e-con e-parent\" data-id=\"918ed0c\" data-element_type=\"container\" data-e-type=\"container\" data-settings=\"{&quot;jet_parallax_layout_list&quot;:[]}\">\n\t\t\t\t\t<div class=\"e-con-inner\">\n\t\t<div class=\"elementor-element elementor-element-f2e7041 e-con-full e-flex e-con e-child\" data-id=\"f2e7041\" data-element_type=\"container\" data-e-type=\"container\" data-settings=\"{&quot;jet_parallax_layout_list&quot;:[]}\">\n\t\t\t\t<div class=\"elementor-element elementor-element-4e1213a elementor-widget elementor-widget-heading\" data-id=\"4e1213a\" data-element_type=\"widget\" data-e-type=\"widget\" data-widget_type=\"heading.default\">\n\t\t\t\t\t<h1 class=\"elementor-heading-title elementor-size-default\">Om os<\/h1>\t\t\t\t<\/div>\n\t\t\t\t<div class=\"elementor-element elementor-element-0180a2f elementor-widget elementor-widget-text-editor\" data-id=\"0180a2f\" data-element_type=\"widget\" data-e-type=\"widget\" data-widget_type=\"text-editor.default\">\n\t\t\t\t\t\t\t\t\t<p><span style=\"font-weight: 400;\">MyStockScanner blev grundlagt i 2022 af finansr\u00e5dgiver Hans-Henrik Nielsen og investor og udvikler Liam Flavelle. Vores vision er at g\u00f8re aktieinvestering mere gennemsigtig, overskuelig og tilg\u00e6ngelig for alle \u2013 uanset erfaring.<\/span><\/p><p><span style=\"font-weight: 400;\">Vores mission er at give investorer de rette v\u00e6rkt\u00f8jer og data, s\u00e5 beslutninger kan tr\u00e6ffes p\u00e5 fakta fremfor f\u00f8lelser. Med 3-PointPlaybook hj\u00e6lper vi vores medlemmer med at vurdere kvalitet, potentiale og timing, s\u00e5 de kan navigere markedet med st\u00f8rre sikkerhed og overblik.<\/span><\/p><p><span style=\"font-weight: 400;\">Vi \u00f8nsker at skabe et f\u00e6llesskab af engagerede investorer, hvor viden, erfaring og indsigt deles, og hvor alle kan l\u00e6re at investere smartere. MyStockScanner kombinerer avanceret dataanalyse med enkelhed og struktur, s\u00e5 medlemmerne kan fokusere p\u00e5 de aktier, der virkelig har potentiale.<\/span><\/p>\t\t\t\t\t\t\t\t<\/div>\n\t\t\t\t<div class=\"elementor-element elementor-element-67aa5ce elementor-widget elementor-widget-heading\" data-id=\"67aa5ce\" data-element_type=\"widget\" data-e-type=\"widget\" data-widget_type=\"heading.default\">\n\t\t\t\t\t<h3 class=\"elementor-heading-title elementor-size-default\">M\u00f8d stifterne<\/h3>\t\t\t\t<\/div>\n\t\t<div class=\"elementor-element elementor-element-f3ceda3 e-con-full e-flex e-con e-child\" data-id=\"f3ceda3\" data-element_type=\"container\" data-e-type=\"container\" data-settings=\"{&quot;jet_parallax_layout_list&quot;:[]}\">\n\t\t<div class=\"elementor-element elementor-element-f7959d7 e-con-full boxskygge e-flex e-con e-child\" data-id=\"f7959d7\" data-element_type=\"container\" data-e-type=\"container\" data-settings=\"{&quot;background_background&quot;:&quot;classic&quot;,&quot;jet_parallax_layout_list&quot;:[]}\">\n\t\t<div class=\"elementor-element elementor-element-0d92730 e-con-full e-flex e-con e-child\" data-id=\"0d92730\" data-element_type=\"container\" data-e-type=\"container\" data-settings=\"{&quot;background_background&quot;:&quot;classic&quot;,&quot;jet_parallax_layout_list&quot;:[]}\">\n\t\t\t\t<div class=\"elementor-element elementor-element-76c2c71 elementor-widget elementor-widget-spacer\" data-id=\"76c2c71\" data-element_type=\"widget\" data-e-type=\"widget\" data-widget_type=\"spacer.default\">\n\t\t\t\t\t\t\t<div class=\"elementor-spacer\">\n\t\t\t<div class=\"elementor-spacer-inner\"><\/div>\n\t\t<\/div>\n\t\t\t\t\t\t<\/div>\n\t\t\t\t<\/div>\n\t\t<div class=\"elementor-element elementor-element-2ad1484 e-con-full e-flex e-con e-child\" data-id=\"2ad1484\" data-element_type=\"container\" data-e-type=\"container\" data-settings=\"{&quot;jet_parallax_layout_list&quot;:[]}\">\n\t\t\t\t<div class=\"elementor-element elementor-element-1d903d7 elementor-widget elementor-widget-heading\" data-id=\"1d903d7\" data-element_type=\"widget\" data-e-type=\"widget\" data-widget_type=\"heading.default\">\n\t\t\t\t\t<h3 class=\"elementor-heading-title elementor-size-default\">Liam Flavelle\n<\/h3>\t\t\t\t<\/div>\n\t\t\t\t<div class=\"elementor-element elementor-element-6492687 elementor-widget elementor-widget-heading\" data-id=\"6492687\" data-element_type=\"widget\" data-e-type=\"widget\" data-widget_type=\"heading.default\">\n\t\t\t\t\t<p class=\"elementor-heading-title elementor-size-default\">Medstifter af MyStockScanner\n<\/p>\t\t\t\t<\/div>\n\t\t\t\t<div class=\"elementor-element elementor-element-74eee27 elementor-widget elementor-widget-text-editor\" data-id=\"74eee27\" data-element_type=\"widget\" data-e-type=\"widget\" data-widget_type=\"text-editor.default\">\n\t\t\t\t\t\t\t\t\t<p>25 \u00e5rs erfaring inden for FinTech g\u00f8r ham til ekspert i teknologi og investeringer. Hans mange\u00e5rige arbejde med FinTech-software har dannet grundlaget for det, vi i dag kender som MyStockScanner.<\/p>\t\t\t\t\t\t\t\t<\/div>\n\t\t\t\t<\/div>\n\t\t\t\t<\/div>\n\t\t<div class=\"elementor-element elementor-element-0453b75 e-con-full boxskygge e-flex e-con e-child\" data-id=\"0453b75\" data-element_type=\"container\" data-e-type=\"container\" data-settings=\"{&quot;background_background&quot;:&quot;classic&quot;,&quot;jet_parallax_layout_list&quot;:[]}\">\n\t\t<div class=\"elementor-element elementor-element-1014784 e-con-full e-flex e-con e-child\" data-id=\"1014784\" data-element_type=\"container\" data-e-type=\"container\" data-settings=\"{&quot;background_background&quot;:&quot;classic&quot;,&quot;jet_parallax_layout_list&quot;:[]}\">\n\t\t\t\t<div class=\"elementor-element elementor-element-f9cfe7d elementor-widget elementor-widget-spacer\" data-id=\"f9cfe7d\" data-element_type=\"widget\" data-e-type=\"widget\" data-widget_type=\"spacer.default\">\n\t\t\t\t\t\t\t<div class=\"elementor-spacer\">\n\t\t\t<div class=\"elementor-spacer-inner\"><\/div>\n\t\t<\/div>\n\t\t\t\t\t\t<\/div>\n\t\t\t\t<\/div>\n\t\t<div class=\"elementor-element elementor-element-dff4a06 e-con-full e-flex e-con e-child\" data-id=\"dff4a06\" data-element_type=\"container\" data-e-type=\"container\" data-settings=\"{&quot;jet_parallax_layout_list&quot;:[]}\">\n\t\t\t\t<div class=\"elementor-element elementor-element-2b8bce1 elementor-widget elementor-widget-heading\" data-id=\"2b8bce1\" data-element_type=\"widget\" data-e-type=\"widget\" data-widget_type=\"heading.default\">\n\t\t\t\t\t<h3 class=\"elementor-heading-title elementor-size-default\">Hans-Henrik Nielsen<\/h3>\t\t\t\t<\/div>\n\t\t\t\t<div class=\"elementor-element elementor-element-ae63ecb elementor-widget elementor-widget-heading\" data-id=\"ae63ecb\" data-element_type=\"widget\" data-e-type=\"widget\" data-widget_type=\"heading.default\">\n\t\t\t\t\t<p class=\"elementor-heading-title elementor-size-default\">Finansiel r\u00e5dgiver<\/p>\t\t\t\t<\/div>\n\t\t\t\t<div class=\"elementor-element elementor-element-50d823a elementor-widget elementor-widget-text-editor\" data-id=\"50d823a\" data-element_type=\"widget\" data-e-type=\"widget\" data-widget_type=\"text-editor.default\">\n\t\t\t\t\t\t\t\t\t<p>Hans-Henrik Nielsen er finansiel r\u00e5dgiver og arbejder som agent under investeringsselskabet CuralInvest. Han er kendt som en erfaren r\u00e5dgiver inden for finansielle produkter med n\u00e6sten 30 \u00e5rs erfaring.<\/p>\t\t\t\t\t\t\t\t<\/div>\n\t\t\t\t<\/div>\n\t\t\t\t<\/div>\n\t\t<div class=\"elementor-element elementor-element-35b8a01 e-con-full boxskygge e-flex e-con e-child\" data-id=\"35b8a01\" data-element_type=\"container\" data-e-type=\"container\" data-settings=\"{&quot;background_background&quot;:&quot;classic&quot;,&quot;jet_parallax_layout_list&quot;:[]}\">\n\t\t<div class=\"elementor-element elementor-element-0c110b8 e-con-full e-flex e-con e-child\" data-id=\"0c110b8\" data-element_type=\"container\" data-e-type=\"container\" data-settings=\"{&quot;background_background&quot;:&quot;classic&quot;,&quot;jet_parallax_layout_list&quot;:[]}\">\n\t\t\t\t<div class=\"elementor-element elementor-element-a553fa6 elementor-widget elementor-widget-spacer\" data-id=\"a553fa6\" data-element_type=\"widget\" data-e-type=\"widget\" data-widget_type=\"spacer.default\">\n\t\t\t\t\t\t\t<div class=\"elementor-spacer\">\n\t\t\t<div class=\"elementor-spacer-inner\"><\/div>\n\t\t<\/div>\n\t\t\t\t\t\t<\/div>\n\t\t\t\t<\/div>\n\t\t<div class=\"elementor-element elementor-element-21a6b0f e-con-full e-flex e-con e-child\" data-id=\"21a6b0f\" data-element_type=\"container\" data-e-type=\"container\" data-settings=\"{&quot;jet_parallax_layout_list&quot;:[]}\">\n\t\t\t\t<div class=\"elementor-element elementor-element-643e64a elementor-widget elementor-widget-heading\" data-id=\"643e64a\" data-element_type=\"widget\" data-e-type=\"widget\" data-widget_type=\"heading.default\">\n\t\t\t\t\t<h3 class=\"elementor-heading-title elementor-size-default\">Jesper B\u00e6hrenz\n<\/h3>\t\t\t\t<\/div>\n\t\t\t\t<div class=\"elementor-element elementor-element-d4245cd elementor-widget elementor-widget-heading\" data-id=\"d4245cd\" data-element_type=\"widget\" data-e-type=\"widget\" data-widget_type=\"heading.default\">\n\t\t\t\t\t<p class=\"elementor-heading-title elementor-size-default\">Medejer<\/p>\t\t\t\t<\/div>\n\t\t\t\t<div class=\"elementor-element elementor-element-e397f8e elementor-widget elementor-widget-text-editor\" data-id=\"e397f8e\" data-element_type=\"widget\" data-e-type=\"widget\" data-widget_type=\"text-editor.default\">\n\t\t\t\t\t\t\t\t\t<p>Jesper B\u00e6hrenz er en af Danmarks f\u00f8rende radio- og tv-v\u00e6rter, bedst kendt for programmer som Take Off, H\u00f8jtryk, Med Et Z og Z-Up \u2013 alle skabt og udviklet af Jesper selv.<\/p><p>Han har ogs\u00e5 udviklet spil (b\u00e5de br\u00e6tspil og digitale spil) og har boet i b\u00e5de London og Los Angeles, hvor han har modtaget internationale priser for sine koncepter i New York og Berlin.<\/p><p>Jesper er v\u00e6rt p\u00e5 MyStockScanner LIVE, hvor han samler samtalen og g\u00f8r den tilg\u00e6ngelig for alle \u2013 fra f\u00f8rstegangs\u00adinvestorer til erfarne tradere.<\/p>\t\t\t\t\t\t\t\t<\/div>\n\t\t\t\t<\/div>\n\t\t\t\t<\/div>\n\t\t\t\t<\/div>\n\t\t\t\t<\/div>\n\t\t\t\t\t<\/div>\n\t\t\t\t<\/div>\n\t\t\t\t<\/div>\n\t\t","protected":false},"excerpt":{"rendered":"<p>Om os MyStockScanner blev grundlagt i 2022 af finansr\u00e5dgiver Hans-Henrik Nielsen og investor og udvikler Liam Flavelle. Vores vision er at g\u00f8re aktieinvestering mere gennemsigtig, overskuelig og tilg\u00e6ngelig for alle \u2013 uanset erfaring. Vores mission er at give investorer de rette v\u00e6rkt\u00f8jer og data, s\u00e5 beslutninger kan tr\u00e6ffes p\u00e5 fakta fremfor f\u00f8lelser. Med 3-PointPlaybook hj\u00e6lper [&hellip;]<\/p>\n","protected":false},"author":1,"featured_media":0,"parent":0,"menu_order":0,"comment_status":"closed","ping_status":"closed","template":"","meta":{"footnotes":""},"class_list":["post-564","page","type-page","status-publish","hentry"],"featured_image_src":null,"_links":{"self":[{"href":"https:\/\/mystockscanner.com\/da\/wp-json\/wp\/v2\/pages\/564","targetHints":{"allow":["GET"]}}],"collection":[{"href":"https:\/\/mystockscanner.com\/da\/wp-json\/wp\/v2\/pages"}],"about":[{"href":"https:\/\/mystockscanner.com\/da\/wp-json\/wp\/v2\/types\/page"}],"author":[{"embeddable":true,"href":"https:\/\/mystockscanner.com\/da\/wp-json\/wp\/v2\/users\/1"}],"replies":[{"embeddable":true,"href":"https:\/\/mystockscanner.com\/da\/wp-json\/wp\/v2\/comments?post=564"}],"version-history":[{"count":10,"href":"https:\/\/mystockscanner.com\/da\/wp-json\/wp\/v2\/pages\/564\/revisions"}],"predecessor-version":[{"id":921,"href":"https:\/\/mystockscanner.com\/da\/wp-json\/wp\/v2\/pages\/564\/revisions\/921"}],"wp:attachment":[{"href":"https:\/\/mystockscanner.com\/da\/wp-json\/wp\/v2\/media?parent=564"}],"curies":[{"name":"wp","href":"https:\/\/api.w.org\/{rel}","templated":true}]}}